{"id":26,"date":"2015-11-16T21:32:39","date_gmt":"2015-11-16T21:32:39","guid":{"rendered":"http:\/\/buergerfunk-siwi.de\/?page_id=26"},"modified":"2016-03-03T18:27:44","modified_gmt":"2016-03-03T18:27:44","slug":"ziele","status":"publish","type":"page","link":"https:\/\/buergerfunk-siwi.de\/?page_id=26","title":{"rendered":"Ziele"},"content":{"rendered":"<p><strong>Ziele<\/strong><\/p>\n<p>Unsere Ziele decken sich mit denen der Landesanstalt f\u00fcr Medien, von denen immer wieder\u00a0einige hier bei uns in der Region umgesetzt werden. In der Rubrik Servicestelle wird dar\u00fcber\u00a0einiges ausgef\u00fchrt und zitiert.<\/p>\n<p>Sie k\u00f6nnen uns immer kontaktieren. Wir informieren gerne \u00fcber alle Fragen zum B\u00fcrgerfunk und helfen bei dem Vorhaben B\u00fcrgerfunker zu werden.<\/p>\n","protected":false},"excerpt":{"rendered":"<p>Ziele Unsere Ziele decken sich mit denen der Landesanstalt f\u00fcr Medien, von denen immer wieder\u00a0einige hier bei uns in der Region umgesetzt werden. In der Rubrik Servicestelle wird dar\u00fcber\u00a0einiges ausgef\u00fchrt und zitiert. Sie k\u00f6nnen uns immer kontaktieren. Wir informieren gerne \u00fcber alle Fragen zum B\u00fcrgerfunk und helfen bei dem Vorhaben B\u00fcrgerfunker zu werden.<\/p>\n","protected":false},"author":2,"featured_media":0,"parent":0,"menu_order":3,"comment_status":"closed","ping_status":"closed","template":"","meta":{"footnotes":""},"_links":{"self":[{"href":"https:\/\/buergerfunk-siwi.de\/index.php?rest_route=\/wp\/v2\/pages\/26"}],"collection":[{"href":"https:\/\/buergerfunk-siwi.de\/index.php?rest_route=\/wp\/v2\/pages"}],"about":[{"href":"https:\/\/buergerfunk-siwi.de\/index.php?rest_route=\/wp\/v2\/types\/page"}],"author":[{"embeddable":true,"href":"https:\/\/buergerfunk-siwi.de\/index.php?rest_route=\/wp\/v2\/users\/2"}],"replies":[{"embeddable":true,"href":"https:\/\/buergerfunk-siwi.de\/index.php?rest_route=%2Fwp%2Fv2%2Fcomments&post=26"}],"version-history":[{"count":3,"href":"https:\/\/buergerfunk-siwi.de\/index.php?rest_route=\/wp\/v2\/pages\/26\/revisions"}],"predecessor-version":[{"id":173,"href":"https:\/\/buergerfunk-siwi.de\/index.php?rest_route=\/wp\/v2\/pages\/26\/revisions\/173"}],"wp:attachment":[{"href":"https:\/\/buergerfunk-siwi.de\/index.php?rest_route=%2Fwp%2Fv2%2Fmedia&parent=26"}],"curies":[{"name":"wp","href":"https:\/\/api.w.org\/{rel}","templated":true}]}}