{"id":13,"date":"2015-11-15T13:26:34","date_gmt":"2015-11-15T13:26:34","guid":{"rendered":"http:\/\/buergerfunk-siwi.de\/?page_id=13"},"modified":"2018-05-25T09:10:25","modified_gmt":"2018-05-25T09:10:25","slug":"servicestelle","status":"publish","type":"page","link":"https:\/\/buergerfunk-siwi.de\/?page_id=13","title":{"rendered":"Servicestelle"},"content":{"rendered":"<div id=\"c9394\" class=\"csc-default\">\n<div class=\"csc-header csc-header-n2\">\n<p>Wir helfen Ihnen dabei, B\u00fcrgerfunker zu werden. Unsere Bildungsma\u00dfnahmen und Kurse\u00a0vermitteln Ihnen alles, was ein B\u00fcrgerfunker an Qualifikationen ben\u00f6tigt, um erfolgreich\u00a0als B\u00fcrgerfunker t\u00e4tig zu werden.<\/p>\n<p>Von besonderer Bedeutung ist die <b>Anerkennung zum B\u00fcrgerfunker <\/b>durch die\u00a0Landesanstalt f\u00fcr Medien NRW ( LfM). Das erfolgt durch ein Zertifikat, welches\u00a0Sie<b> kostenlos <\/b>durch eine Ausbildung bekommen. Wir bieten solche Ausbildungsma\u00dfnahmen\u00a0an.<\/p>\n<p><em>Quelle: <a href=\"http:\/\/www.buergermedien.de\/buergerfunk\/mitmachen.html\">http:\/\/www.buergermedien.de\/buergerfunk\/mitmachen.html<\/a><\/em><\/p>\n<h4><em>B\u00fcrgerfunk<\/em><\/h4>\n<\/div>\n<p class=\"bodytext\"><em>&#8222;Geschichten erz\u00e4hlen, Beitr\u00e4ge vertonen, vielleicht sogar eine Sendung moderieren \u2013 Radio selber machen ist eine faszinierende Erfahrung. Der B\u00fcrgerfunk bietet hierzu eine f\u00fcr Alle zug\u00e4ngliche M\u00f6glichkeit. Eingebettet in das Programm des lokalen H\u00f6rfunks dient er dazu, das lokale Informationsangebot zu erg\u00e4nzen und den Erwerb von Medienkompetenz, insbesondere von Jugendlichen, Sch\u00fclerinnen und Sch\u00fclern, zu erm\u00f6glichen und damit auch zur gesellschaftlichen Meinungsbildung beizutragen. Als wichtigen Bestandteil der Demokratie hat der Gesetzgeber die Beteiligung am Lokalfunk auch im \u00a740 des\u00a0<a class=\"external-link-new-window\" href=\"http:\/\/www.lfm-nrw.de\/medienrecht\/landesmediengesetz-nrw.html\" target=\"_blank\" rel=\"noopener\">Landesmediengesetzes NRW<\/a> festgeschrieben.&#8220;<\/em><\/p>\n<\/div>\n<div id=\"c9393\" class=\"csc-default\">\u00a0Seit Oktober 2015 sind wir von der Landesanstalt f\u00fcr Medien in D\u00fcsseldorf anerkannte und gef\u00f6rderte Servicestelle f\u00fcr den regionalen B\u00fcrgerfunk.<\/div>\n<p>Wenn Sie eine eigene Radiogruppe starten oder\u00a0sich bei einer Gruppe beteiligen m\u00f6chten, dann wenden Sie sich \u00fcber unser <a href=\"http:\/\/buergerfunk-siwi.de\/?page_id=35\">Kontaktformular<\/a> an uns oder an:<\/p>\n<p><strong>Kontakt:<\/strong><br \/>\nHerbert Perl<br \/>\nTelefon:\u00a00152 5401 5365<br \/>\nE-Mail: <a href=\"mailto:hperl@gmx.de\" data-slimstat=\"5\">hperl@gmx.de<\/a><\/p>\n<p>&nbsp;<\/p>\n<p>Quelle\u00a0:\u00a0<a href=\"http:\/\/www.lfm-nrw.de\/foerderung\/buergermedien\/buergerfunk.html\"><em>http:\/\/www.lfm-nrw.de\/foerderung\/buergermedien\/buergerfunk.html<\/em><\/a><\/p>\n<p>&#8222;<em>Radio von B\u00fcrgern f\u00fcr B\u00fcrger, so einfach l\u00e4sst sich das Prinzip des B\u00fcrgerfunks beschreiben. Die \u00dcberschriften lauten Partizipation, Qualifikation und Publikation<\/em>.<\/p>\n<p class=\"bodytext\"><em>Jeder hat die Chance, mithilfe des Massenmediums Radio seine eigene Meinung, sein eigenes Thema anderen Menschen nahezubringen, sie mitzunehmen und daf\u00fcr zu interessieren.<\/em><\/p>\n<p class=\"bodytext\"><em>B\u00fcrgerfunker nehmen am \u00f6ffentlichen Diskurs teil, sie leisten einen Beitrag zur \u00f6ffentlichen Meinungsbildung und setzen das im Artikel 5 des Grundgesetzes festgeschriebene Recht der freien Meinungs\u00e4u\u00dferung praktisch um.&#8220;<\/em><\/p>\n<p>&nbsp;<\/p>\n","protected":false},"excerpt":{"rendered":"<p>Wir helfen Ihnen dabei, B\u00fcrgerfunker zu werden. Unsere Bildungsma\u00dfnahmen und Kurse\u00a0vermitteln Ihnen alles, was ein B\u00fcrgerfunker an Qualifikationen ben\u00f6tigt, um erfolgreich\u00a0als B\u00fcrgerfunker t\u00e4tig zu werden. Von besonderer Bedeutung ist die Anerkennung zum B\u00fcrgerfunker durch die\u00a0Landesanstalt f\u00fcr Medien NRW ( LfM). Das erfolgt durch ein Zertifikat, welches\u00a0Sie kostenlos durch eine Ausbildung bekommen. Wir bieten solche Ausbildungsma\u00dfnahmen\u00a0an. &hellip; <a href=\"https:\/\/buergerfunk-siwi.de\/?page_id=13\" class=\"more-link\"><span class=\"screen-reader-text\">Servicestelle<\/span> weiterlesen <span class=\"meta-nav\">&rarr;<\/span><\/a><\/p>\n","protected":false},"author":2,"featured_media":0,"parent":0,"menu_order":0,"comment_status":"closed","ping_status":"closed","template":"","meta":{"footnotes":""},"_links":{"self":[{"href":"https:\/\/buergerfunk-siwi.de\/index.php?rest_route=\/wp\/v2\/pages\/13"}],"collection":[{"href":"https:\/\/buergerfunk-siwi.de\/index.php?rest_route=\/wp\/v2\/pages"}],"about":[{"href":"https:\/\/buergerfunk-siwi.de\/index.php?rest_route=\/wp\/v2\/types\/page"}],"author":[{"embeddable":true,"href":"https:\/\/buergerfunk-siwi.de\/index.php?rest_route=\/wp\/v2\/users\/2"}],"replies":[{"embeddable":true,"href":"https:\/\/buergerfunk-siwi.de\/index.php?rest_route=%2Fwp%2Fv2%2Fcomments&post=13"}],"version-history":[{"count":17,"href":"https:\/\/buergerfunk-siwi.de\/index.php?rest_route=\/wp\/v2\/pages\/13\/revisions"}],"predecessor-version":[{"id":582,"href":"https:\/\/buergerfunk-siwi.de\/index.php?rest_route=\/wp\/v2\/pages\/13\/revisions\/582"}],"wp:attachment":[{"href":"https:\/\/buergerfunk-siwi.de\/index.php?rest_route=%2Fwp%2Fv2%2Fmedia&parent=13"}],"curies":[{"name":"wp","href":"https:\/\/api.w.org\/{rel}","templated":true}]}}